{"id":2484,"date":"2025-09-24T14:45:57","date_gmt":"2025-09-24T14:45:57","guid":{"rendered":"https:\/\/bellitanner-bikes.com\/impressum-2\/"},"modified":"2026-05-14T10:03:30","modified_gmt":"2026-05-14T10:03:30","slug":"impressum-2","status":"publish","type":"page","link":"https:\/\/bellitanner-bikes.com\/de\/impressum-2\/","title":{"rendered":"IMPRESSUM"},"content":{"rendered":"\n<h2 class=\"wp-block-heading\"><strong>Impressum<\/strong><\/h2>\n\n<p>Angaben gem\u00e4\u00df \u00a7 5 TMG:<\/p>\n\n<p>Pearl UG<br\/>M\u00fchlendamm 61<br\/>22087 Hamburg<br\/>Deutschland<\/p>\n\n<p><strong>Kontakt:<\/strong><br\/>Telefon: +49 15511486937<br\/>E-Mail: info@bellitanner-bikes.com<br\/>Webseite: bellitanner-bikes.com<\/p>\n\n<p><\/p>\n\n<p><strong>Registereintrag:<\/strong><br\/>Amtsgericht Hamburg<br\/>Registernummer: HRB<br\/>Steuernummer: <\/p>\n\n<p><strong>Umsatzsteuer-Identifikationsnummer gem\u00e4\u00df \u00a727a Umsatzsteuergesetz:<\/strong><br\/>[USt-ID]<\/p>\n\n<p><\/p>\n\n<p><strong>Hinweis:<\/strong><br\/>Die Inhalte dieser Webseite wurden mit gr\u00f6\u00dfter Sorgfalt erstellt. F\u00fcr die Richtigkeit, Vollst\u00e4ndigkeit und Aktualit\u00e4t der Inhalte kann jedoch keine Gew\u00e4hr \u00fcbernommen werden. <\/p>\n\n<p><strong>Haftungsausschluss:<\/strong><br\/>Trotz sorgf\u00e4ltiger inhaltlicher Kontrolle \u00fcbernehmen wir keine Haftung f\u00fcr die Inhalte externer Links. F\u00fcr den Inhalt der verlinkten Seiten sind ausschlie\u00dflich deren Betreiber verantwortlich. <\/p>\n\n<p><strong>Datenschutzerkl\u00e4rung:<\/strong><br\/>Weitere Informationen zum Datenschutz findest du in unserer Datenschutzerkl\u00e4rung.<\/p>\n","protected":false},"excerpt":{"rendered":"<p>Impressum Angaben gem\u00e4\u00df \u00a7 5 TMG: Pearl UGM\u00fchlendamm 6122087 HamburgDeutschland Kontakt:Telefon: +49 15511486937E-Mail: info@bellitanner-bikes.comWebseite: bellitanner-bikes.com Registereintrag:Amtsgericht HamburgRegisternummer: HRBSteuernummer: Umsatzsteuer-Identifikationsnummer gem\u00e4\u00df \u00a727a Umsatzsteuergesetz:[USt-ID] Hinweis:Die Inhalte dieser Webseite wurden mit gr\u00f6\u00dfter Sorgfalt erstellt. F\u00fcr die Richtigkeit, Vollst\u00e4ndigkeit und Aktualit\u00e4t der Inhalte kann jedoch keine Gew\u00e4hr \u00fcbernommen werden. Haftungsausschluss:Trotz sorgf\u00e4ltiger inhaltlicher Kontrolle \u00fcbernehmen wir keine Haftung f\u00fcr die [&hellip;]<\/p>\n","protected":false},"author":1,"featured_media":0,"parent":0,"menu_order":0,"comment_status":"closed","ping_status":"closed","template":"","meta":{"_et_pb_use_builder":"","_et_pb_old_content":"","_et_gb_content_width":"","footnotes":""},"class_list":["post-2484","page","type-page","status-publish","hentry"],"aioseo_notices":[],"_links":{"self":[{"href":"https:\/\/bellitanner-bikes.com\/de\/wp-json\/wp\/v2\/pages\/2484","targetHints":{"allow":["GET"]}}],"collection":[{"href":"https:\/\/bellitanner-bikes.com\/de\/wp-json\/wp\/v2\/pages"}],"about":[{"href":"https:\/\/bellitanner-bikes.com\/de\/wp-json\/wp\/v2\/types\/page"}],"author":[{"embeddable":true,"href":"https:\/\/bellitanner-bikes.com\/de\/wp-json\/wp\/v2\/users\/1"}],"replies":[{"embeddable":true,"href":"https:\/\/bellitanner-bikes.com\/de\/wp-json\/wp\/v2\/comments?post=2484"}],"version-history":[{"count":2,"href":"https:\/\/bellitanner-bikes.com\/de\/wp-json\/wp\/v2\/pages\/2484\/revisions"}],"predecessor-version":[{"id":3014,"href":"https:\/\/bellitanner-bikes.com\/de\/wp-json\/wp\/v2\/pages\/2484\/revisions\/3014"}],"wp:attachment":[{"href":"https:\/\/bellitanner-bikes.com\/de\/wp-json\/wp\/v2\/media?parent=2484"}],"curies":[{"name":"wp","href":"https:\/\/api.w.org\/{rel}","templated":true}]}}