{"id":26,"date":"2025-07-22T19:43:22","date_gmt":"2025-07-22T19:43:22","guid":{"rendered":"https:\/\/bellitanner-bikes.com\/ueber\/"},"modified":"2025-10-23T21:56:35","modified_gmt":"2025-10-23T21:56:35","slug":"ueber","status":"publish","type":"page","link":"https:\/\/bellitanner-bikes.com\/de\/ueber\/","title":{"rendered":"\u00dcber"},"content":{"rendered":"\n<div class=\"wp-block-group alignfull has-background-background-color has-background is-layout-constrained wp-container-core-group-is-layout-1aa40bbb wp-block-group-is-layout-constrained\" id=\"ueber-uns\" style=\"border-top-width:1px;margin-top:0;margin-bottom:0;padding-top:var(--wp--preset--spacing--60);padding-right:0;padding-bottom:var(--wp--preset--spacing--60);padding-left:0\">\n<div class=\"wp-block-columns alignwide is-layout-flex wp-container-core-columns-is-layout-2aabe216 wp-block-columns-is-layout-flex\">\n<div class=\"wp-block-column is-layout-flow wp-block-column-is-layout-flow\">\n<h2 class=\"wp-block-heading\">Erleben Sie Hamburgs Stra\u00dfen mit Bellitanner<\/h2>\n<\/div>\n\n\n\n<div class=\"wp-block-column is-layout-flow wp-block-column-is-layout-flow\">\n<p style=\"margin-top:16px\">Bellitanner Bikes steht f\u00fcr Qualit\u00e4t und Innovation. Als Hamburger Spezialist f\u00fcr City-E-Bikes verbinden wir Leistung mit Nachhaltigkeit f\u00fcr ein einzigartiges Fahrerlebnis.<\/p>\n<\/div>\n<\/div>\n\n\n\n<div class=\"wp-block-group alignwide is-layout-grid wp-container-core-group-is-layout-7da95970 wp-block-group-is-layout-grid\">\n<div style=\"aspect-ratio:16\/9;min-height:unset;\" class=\"wp-block-cover is-light has-aspect-ratio\"><img loading=\"lazy\" decoding=\"async\" width=\"1024\" height=\"897\" class=\"wp-block-cover__image-background wp-image-262 size-large\" alt=\"\" src=\"https:\/\/bellitanner-bikes.com\/wp-content\/uploads\/2025\/08\/480145945_18130174435392287_1368459186330140218_n-1024x897.jpg\" data-object-fit=\"cover\" srcset=\"https:\/\/bellitanner-bikes.com\/wp-content\/uploads\/2025\/08\/480145945_18130174435392287_1368459186330140218_n-1024x897.jpg 1024w, https:\/\/bellitanner-bikes.com\/wp-content\/uploads\/2025\/08\/480145945_18130174435392287_1368459186330140218_n-600x526.jpg 600w, https:\/\/bellitanner-bikes.com\/wp-content\/uploads\/2025\/08\/480145945_18130174435392287_1368459186330140218_n-300x263.jpg 300w, https:\/\/bellitanner-bikes.com\/wp-content\/uploads\/2025\/08\/480145945_18130174435392287_1368459186330140218_n-768x673.jpg 768w, https:\/\/bellitanner-bikes.com\/wp-content\/uploads\/2025\/08\/480145945_18130174435392287_1368459186330140218_n.jpg 1440w\" sizes=\"(max-width: 1024px) 100vw, 1024px\" \/><span aria-hidden=\"true\" class=\"wp-block-cover__background has-background-dim-0 has-background-dim\" style=\"background-color:#8a887d\"><\/span><div class=\"wp-block-cover__inner-container is-layout-flow wp-block-cover-is-layout-flow\">\n<div style=\"height:100px\" aria-hidden=\"true\" class=\"wp-block-spacer\"><\/div>\n<\/div><\/div>\n\n\n\n<div style=\"aspect-ratio:16\/9;min-height:unset;\" class=\"wp-block-cover is-light is-layout-flow wp-block-cover-is-layout-flow has-aspect-ratio\"><img loading=\"lazy\" decoding=\"async\" width=\"1024\" height=\"768\" class=\"wp-block-cover__image-background wp-image-264 size-large\" alt=\"\" src=\"https:\/\/bellitanner-bikes.com\/wp-content\/uploads\/2025\/08\/490342690_1251594943642890_5021321792780340329_n-1-1024x768.jpg\" data-object-fit=\"cover\" srcset=\"https:\/\/bellitanner-bikes.com\/wp-content\/uploads\/2025\/08\/490342690_1251594943642890_5021321792780340329_n-1-1024x768.jpg 1024w, https:\/\/bellitanner-bikes.com\/wp-content\/uploads\/2025\/08\/490342690_1251594943642890_5021321792780340329_n-1-600x450.jpg 600w, https:\/\/bellitanner-bikes.com\/wp-content\/uploads\/2025\/08\/490342690_1251594943642890_5021321792780340329_n-1-300x225.jpg 300w, https:\/\/bellitanner-bikes.com\/wp-content\/uploads\/2025\/08\/490342690_1251594943642890_5021321792780340329_n-1-768x576.jpg 768w, https:\/\/bellitanner-bikes.com\/wp-content\/uploads\/2025\/08\/490342690_1251594943642890_5021321792780340329_n-1-1536x1152.jpg 1536w, https:\/\/bellitanner-bikes.com\/wp-content\/uploads\/2025\/08\/490342690_1251594943642890_5021321792780340329_n-1.jpg 2048w\" sizes=\"(max-width: 1024px) 100vw, 1024px\" \/><span aria-hidden=\"true\" class=\"wp-block-cover__background has-background-dim-0 has-background-dim\" style=\"background-color:#939393\"><\/span><div class=\"wp-block-cover__inner-container\"><\/div><\/div>\n<\/div>\n<\/div>\n\n\n\n<div class=\"wp-block-group alignfull has-tertiary-background-color has-background is-layout-constrained wp-container-core-group-is-layout-84c615e8 wp-block-group-is-layout-constrained\" id=\"team\" style=\"border-top-width:1px;margin-top:0;margin-bottom:0;padding-top:var(--wp--preset--spacing--70);padding-right:0;padding-bottom:var(--wp--preset--spacing--70);padding-left:0\">\n<div class=\"wp-block-group alignwide is-vertical is-layout-flex wp-container-core-group-is-layout-8cf370e7 wp-block-group-is-layout-flex\">\n<div class=\"wp-block-group is-layout-constrained wp-block-group-is-layout-constrained\">\n<h2 class=\"wp-block-heading\">Elektrofahrr\u00e4der f\u00fcr die urbane Freiheit in Hamburg<\/h2>\n\n\n\n<p style=\"margin-top:16px\">Unser engagiertes Team steht f\u00fcr Kompetenz und Leidenschaft rund ums E-Bike.<\/p>\n<\/div>\n<\/div>\n\n\n\n<div class=\"wp-block-columns alignwide is-layout-flex wp-container-core-columns-is-layout-698e6c35 wp-block-columns-is-layout-flex\" style=\"padding-top:0;padding-right:0;padding-bottom:0;padding-left:0\">\n<div class=\"wp-block-column is-layout-flow wp-block-column-is-layout-flow\">\n<figure class=\"wp-block-image is-style-default\"><img loading=\"lazy\" decoding=\"async\" width=\"1280\" height=\"1920\" class=\"wp-image-1466\" src=\"https:\/\/bellitanner-bikes.com\/wp-content\/uploads\/2025\/10\/36a54e0622f55fe74c283ea0fec349967e420444.jpg\" alt=\"\" style=\"aspect-ratio:4\/3;object-fit:cover\" srcset=\"https:\/\/bellitanner-bikes.com\/wp-content\/uploads\/2025\/10\/36a54e0622f55fe74c283ea0fec349967e420444.jpg 1280w, https:\/\/bellitanner-bikes.com\/wp-content\/uploads\/2025\/10\/36a54e0622f55fe74c283ea0fec349967e420444-200x300.jpg 200w, https:\/\/bellitanner-bikes.com\/wp-content\/uploads\/2025\/10\/36a54e0622f55fe74c283ea0fec349967e420444-683x1024.jpg 683w, https:\/\/bellitanner-bikes.com\/wp-content\/uploads\/2025\/10\/36a54e0622f55fe74c283ea0fec349967e420444-768x1152.jpg 768w, https:\/\/bellitanner-bikes.com\/wp-content\/uploads\/2025\/10\/36a54e0622f55fe74c283ea0fec349967e420444-1024x1536.jpg 1024w, https:\/\/bellitanner-bikes.com\/wp-content\/uploads\/2025\/10\/36a54e0622f55fe74c283ea0fec349967e420444-600x900.jpg 600w\" sizes=\"(max-width: 1280px) 100vw, 1280px\" \/><\/figure>\n\n\n\n<h4 class=\"wp-block-heading\" style=\"margin-top:20px;font-size:20px\">Lena Fischer<\/h4>\n\n\n\n<p class=\"has-primary-color has-text-color has-small-font-size\" style=\"margin-top:4px\">Verkaufsleiterin<\/p>\n\n\n\n<p class=\"has-small-font-size\" style=\"margin-top:12px\">Sie verf\u00fcgt \u00fcber umfassende Erfahrung im Vertrieb und Kundenservice.<\/p>\n\n\n\n<ul class=\"wp-block-social-links has-small-icon-size has-icon-color is-style-logos-only is-layout-flex wp-block-social-links-is-layout-flex\" style=\"margin-top:24px\"><li style=\"color:#0B0620;\" class=\"wp-social-link wp-social-link-twitter has-foreground-color wp-block-social-link\"><a href=\"#\" class=\"wp-block-social-link-anchor\"><svg width=\"24\" height=\"24\" viewBox=\"0 0 24 24\" version=\"1.1\" xmlns=\"http:\/\/www.w3.org\/2000\/svg\" aria-hidden=\"true\" focusable=\"false\"><path d=\"M22.23,5.924c-0.736,0.326-1.527,0.547-2.357,0.646c0.847-0.508,1.498-1.312,1.804-2.27 c-0.793,0.47-1.671,0.812-2.606,0.996C18.324,4.498,17.257,4,16.077,4c-2.266,0-4.103,1.837-4.103,4.103 c0,0.322,0.036,0.635,0.106,0.935C8.67,8.867,5.647,7.234,3.623,4.751C3.27,5.357,3.067,6.062,3.067,6.814 c0,1.424,0.724,2.679,1.825,3.415c-0.673-0.021-1.305-0.206-1.859-0.513c0,0.017,0,0.034,0,0.052c0,1.988,1.414,3.647,3.292,4.023 c-0.344,0.094-0.707,0.144-1.081,0.144c-0.264,0-0.521-0.026-0.772-0.074c0.522,1.63,2.038,2.816,3.833,2.85 c-1.404,1.1-3.174,1.756-5.096,1.756c-0.331,0-0.658-0.019-0.979-0.057c1.816,1.164,3.973,1.843,6.29,1.843 c7.547,0,11.675-6.252,11.675-11.675c0-0.178-0.004-0.355-0.012-0.531C20.985,7.47,21.68,6.747,22.23,5.924z\"><\/path><\/svg><span class=\"wp-block-social-link-label screen-reader-text\">Twitter<\/span><\/a><\/li>\n\n<li style=\"color:#0B0620;\" class=\"wp-social-link wp-social-link-linkedin has-foreground-color wp-block-social-link\"><a href=\"#\" class=\"wp-block-social-link-anchor\"><svg width=\"24\" height=\"24\" viewBox=\"0 0 24 24\" version=\"1.1\" xmlns=\"http:\/\/www.w3.org\/2000\/svg\" aria-hidden=\"true\" focusable=\"false\"><path d=\"M19.7,3H4.3C3.582,3,3,3.582,3,4.3v15.4C3,20.418,3.582,21,4.3,21h15.4c0.718,0,1.3-0.582,1.3-1.3V4.3 C21,3.582,20.418,3,19.7,3z M8.339,18.338H5.667v-8.59h2.672V18.338z M7.004,8.574c-0.857,0-1.549-0.694-1.549-1.548 c0-0.855,0.691-1.548,1.549-1.548c0.854,0,1.547,0.694,1.547,1.548C8.551,7.881,7.858,8.574,7.004,8.574z M18.339,18.338h-2.669 v-4.177c0-0.996-0.017-2.278-1.387-2.278c-1.389,0-1.601,1.086-1.601,2.206v4.249h-2.667v-8.59h2.559v1.174h0.037 c0.356-0.675,1.227-1.387,2.526-1.387c2.703,0,3.203,1.779,3.203,4.092V18.338z\"><\/path><\/svg><span class=\"wp-block-social-link-label screen-reader-text\">LinkedIn<\/span><\/a><\/li><\/ul>\n<\/div>\n\n\n\n<div class=\"wp-block-column is-layout-flow wp-block-column-is-layout-flow\">\n<figure class=\"wp-block-image is-style-default\"><img loading=\"lazy\" decoding=\"async\" width=\"1280\" height=\"1600\" class=\"wp-image-1467\" src=\"https:\/\/bellitanner-bikes.com\/wp-content\/uploads\/2025\/10\/9eb1929d208f023203b6f5fbd7e048b09d73beca.jpg\" alt=\"\" style=\"aspect-ratio:4\/3;object-fit:cover\" srcset=\"https:\/\/bellitanner-bikes.com\/wp-content\/uploads\/2025\/10\/9eb1929d208f023203b6f5fbd7e048b09d73beca.jpg 1280w, https:\/\/bellitanner-bikes.com\/wp-content\/uploads\/2025\/10\/9eb1929d208f023203b6f5fbd7e048b09d73beca-240x300.jpg 240w, https:\/\/bellitanner-bikes.com\/wp-content\/uploads\/2025\/10\/9eb1929d208f023203b6f5fbd7e048b09d73beca-819x1024.jpg 819w, https:\/\/bellitanner-bikes.com\/wp-content\/uploads\/2025\/10\/9eb1929d208f023203b6f5fbd7e048b09d73beca-768x960.jpg 768w, https:\/\/bellitanner-bikes.com\/wp-content\/uploads\/2025\/10\/9eb1929d208f023203b6f5fbd7e048b09d73beca-1229x1536.jpg 1229w, https:\/\/bellitanner-bikes.com\/wp-content\/uploads\/2025\/10\/9eb1929d208f023203b6f5fbd7e048b09d73beca-600x750.jpg 600w\" sizes=\"(max-width: 1280px) 100vw, 1280px\" \/><\/figure>\n\n\n\n<h4 class=\"wp-block-heading\" style=\"margin-top:20px;font-size:20px\">Markus Neumann<\/h4>\n\n\n\n<p class=\"has-primary-color has-text-color has-small-font-size\" style=\"margin-top:4px\">Werkstattleiter<\/p>\n\n\n\n<p class=\"has-small-font-size\" style=\"margin-top:12px\">Er ist bekannt f\u00fcr seine pr\u00e4zise Arbeit und technische Innovationen.<\/p>\n\n\n\n<ul class=\"wp-block-social-links has-small-icon-size has-icon-color is-style-logos-only is-layout-flex wp-block-social-links-is-layout-flex\" style=\"margin-top:24px\"><li style=\"color:#0B0620;\" class=\"wp-social-link wp-social-link-twitter has-foreground-color wp-block-social-link\"><a href=\"#\" class=\"wp-block-social-link-anchor\"><svg width=\"24\" height=\"24\" viewBox=\"0 0 24 24\" version=\"1.1\" xmlns=\"http:\/\/www.w3.org\/2000\/svg\" aria-hidden=\"true\" focusable=\"false\"><path d=\"M22.23,5.924c-0.736,0.326-1.527,0.547-2.357,0.646c0.847-0.508,1.498-1.312,1.804-2.27 c-0.793,0.47-1.671,0.812-2.606,0.996C18.324,4.498,17.257,4,16.077,4c-2.266,0-4.103,1.837-4.103,4.103 c0,0.322,0.036,0.635,0.106,0.935C8.67,8.867,5.647,7.234,3.623,4.751C3.27,5.357,3.067,6.062,3.067,6.814 c0,1.424,0.724,2.679,1.825,3.415c-0.673-0.021-1.305-0.206-1.859-0.513c0,0.017,0,0.034,0,0.052c0,1.988,1.414,3.647,3.292,4.023 c-0.344,0.094-0.707,0.144-1.081,0.144c-0.264,0-0.521-0.026-0.772-0.074c0.522,1.63,2.038,2.816,3.833,2.85 c-1.404,1.1-3.174,1.756-5.096,1.756c-0.331,0-0.658-0.019-0.979-0.057c1.816,1.164,3.973,1.843,6.29,1.843 c7.547,0,11.675-6.252,11.675-11.675c0-0.178-0.004-0.355-0.012-0.531C20.985,7.47,21.68,6.747,22.23,5.924z\"><\/path><\/svg><span class=\"wp-block-social-link-label screen-reader-text\">Twitter<\/span><\/a><\/li>\n\n<li style=\"color:#0B0620;\" class=\"wp-social-link wp-social-link-linkedin has-foreground-color wp-block-social-link\"><a href=\"#\" class=\"wp-block-social-link-anchor\"><svg width=\"24\" height=\"24\" viewBox=\"0 0 24 24\" version=\"1.1\" xmlns=\"http:\/\/www.w3.org\/2000\/svg\" aria-hidden=\"true\" focusable=\"false\"><path d=\"M19.7,3H4.3C3.582,3,3,3.582,3,4.3v15.4C3,20.418,3.582,21,4.3,21h15.4c0.718,0,1.3-0.582,1.3-1.3V4.3 C21,3.582,20.418,3,19.7,3z M8.339,18.338H5.667v-8.59h2.672V18.338z M7.004,8.574c-0.857,0-1.549-0.694-1.549-1.548 c0-0.855,0.691-1.548,1.549-1.548c0.854,0,1.547,0.694,1.547,1.548C8.551,7.881,7.858,8.574,7.004,8.574z M18.339,18.338h-2.669 v-4.177c0-0.996-0.017-2.278-1.387-2.278c-1.389,0-1.601,1.086-1.601,2.206v4.249h-2.667v-8.59h2.559v1.174h0.037 c0.356-0.675,1.227-1.387,2.526-1.387c2.703,0,3.203,1.779,3.203,4.092V18.338z\"><\/path><\/svg><span class=\"wp-block-social-link-label screen-reader-text\">LinkedIn<\/span><\/a><\/li><\/ul>\n<\/div>\n\n\n\n<div class=\"wp-block-column is-layout-flow wp-block-column-is-layout-flow\">\n<figure class=\"wp-block-image is-style-default\"><img loading=\"lazy\" decoding=\"async\" width=\"1280\" height=\"1920\" class=\"wp-image-1468\" src=\"https:\/\/bellitanner-bikes.com\/wp-content\/uploads\/2025\/10\/ad4a7a9e98786fd01a32e2bb82ad02c6c0f18f7a.jpg\" alt=\"\" style=\"aspect-ratio:4\/3;object-fit:cover\" srcset=\"https:\/\/bellitanner-bikes.com\/wp-content\/uploads\/2025\/10\/ad4a7a9e98786fd01a32e2bb82ad02c6c0f18f7a.jpg 1280w, https:\/\/bellitanner-bikes.com\/wp-content\/uploads\/2025\/10\/ad4a7a9e98786fd01a32e2bb82ad02c6c0f18f7a-200x300.jpg 200w, https:\/\/bellitanner-bikes.com\/wp-content\/uploads\/2025\/10\/ad4a7a9e98786fd01a32e2bb82ad02c6c0f18f7a-683x1024.jpg 683w, https:\/\/bellitanner-bikes.com\/wp-content\/uploads\/2025\/10\/ad4a7a9e98786fd01a32e2bb82ad02c6c0f18f7a-768x1152.jpg 768w, https:\/\/bellitanner-bikes.com\/wp-content\/uploads\/2025\/10\/ad4a7a9e98786fd01a32e2bb82ad02c6c0f18f7a-1024x1536.jpg 1024w, https:\/\/bellitanner-bikes.com\/wp-content\/uploads\/2025\/10\/ad4a7a9e98786fd01a32e2bb82ad02c6c0f18f7a-600x900.jpg 600w\" sizes=\"(max-width: 1280px) 100vw, 1280px\" \/><\/figure>\n\n\n\n<h4 class=\"wp-block-heading\" style=\"margin-top:20px;font-size:20px\">Clara Becker<\/h4>\n\n\n\n<p class=\"has-primary-color has-text-color has-small-font-size\" style=\"margin-top:4px\">Marketing-Spezialistin<\/p>\n\n\n\n<p class=\"has-small-font-size\" style=\"margin-top:12px\">Sie bringt frische Ideen und fundiertes Fachwissen im Bereich E-Bikes ein.<\/p>\n\n\n\n<ul class=\"wp-block-social-links has-small-icon-size has-icon-color is-style-logos-only is-layout-flex wp-block-social-links-is-layout-flex\" style=\"margin-top:24px\"><li style=\"color:#0B0620;\" class=\"wp-social-link wp-social-link-twitter has-foreground-color wp-block-social-link\"><a href=\"#\" class=\"wp-block-social-link-anchor\"><svg width=\"24\" height=\"24\" viewBox=\"0 0 24 24\" version=\"1.1\" xmlns=\"http:\/\/www.w3.org\/2000\/svg\" aria-hidden=\"true\" focusable=\"false\"><path d=\"M22.23,5.924c-0.736,0.326-1.527,0.547-2.357,0.646c0.847-0.508,1.498-1.312,1.804-2.27 c-0.793,0.47-1.671,0.812-2.606,0.996C18.324,4.498,17.257,4,16.077,4c-2.266,0-4.103,1.837-4.103,4.103 c0,0.322,0.036,0.635,0.106,0.935C8.67,8.867,5.647,7.234,3.623,4.751C3.27,5.357,3.067,6.062,3.067,6.814 c0,1.424,0.724,2.679,1.825,3.415c-0.673-0.021-1.305-0.206-1.859-0.513c0,0.017,0,0.034,0,0.052c0,1.988,1.414,3.647,3.292,4.023 c-0.344,0.094-0.707,0.144-1.081,0.144c-0.264,0-0.521-0.026-0.772-0.074c0.522,1.63,2.038,2.816,3.833,2.85 c-1.404,1.1-3.174,1.756-5.096,1.756c-0.331,0-0.658-0.019-0.979-0.057c1.816,1.164,3.973,1.843,6.29,1.843 c7.547,0,11.675-6.252,11.675-11.675c0-0.178-0.004-0.355-0.012-0.531C20.985,7.47,21.68,6.747,22.23,5.924z\"><\/path><\/svg><span class=\"wp-block-social-link-label screen-reader-text\">Twitter<\/span><\/a><\/li>\n\n<li style=\"color:#0B0620;\" class=\"wp-social-link wp-social-link-linkedin has-foreground-color wp-block-social-link\"><a href=\"#\" class=\"wp-block-social-link-anchor\"><svg width=\"24\" height=\"24\" viewBox=\"0 0 24 24\" version=\"1.1\" xmlns=\"http:\/\/www.w3.org\/2000\/svg\" aria-hidden=\"true\" focusable=\"false\"><path d=\"M19.7,3H4.3C3.582,3,3,3.582,3,4.3v15.4C3,20.418,3.582,21,4.3,21h15.4c0.718,0,1.3-0.582,1.3-1.3V4.3 C21,3.582,20.418,3,19.7,3z M8.339,18.338H5.667v-8.59h2.672V18.338z M7.004,8.574c-0.857,0-1.549-0.694-1.549-1.548 c0-0.855,0.691-1.548,1.549-1.548c0.854,0,1.547,0.694,1.547,1.548C8.551,7.881,7.858,8.574,7.004,8.574z M18.339,18.338h-2.669 v-4.177c0-0.996-0.017-2.278-1.387-2.278c-1.389,0-1.601,1.086-1.601,2.206v4.249h-2.667v-8.59h2.559v1.174h0.037 c0.356-0.675,1.227-1.387,2.526-1.387c2.703,0,3.203,1.779,3.203,4.092V18.338z\"><\/path><\/svg><span class=\"wp-block-social-link-label screen-reader-text\">LinkedIn<\/span><\/a><\/li><\/ul>\n<\/div>\n\n\n\n<div class=\"wp-block-column is-layout-flow wp-block-column-is-layout-flow\">\n<figure class=\"wp-block-image is-style-default\"><img loading=\"lazy\" decoding=\"async\" width=\"1280\" height=\"1828\" class=\"wp-image-1469\" src=\"https:\/\/bellitanner-bikes.com\/wp-content\/uploads\/2025\/10\/13529e749122bfcf5e13fad2ff104c4ae34638a0.jpg\" alt=\"\" style=\"aspect-ratio:4\/3;object-fit:cover\" srcset=\"https:\/\/bellitanner-bikes.com\/wp-content\/uploads\/2025\/10\/13529e749122bfcf5e13fad2ff104c4ae34638a0.jpg 1280w, https:\/\/bellitanner-bikes.com\/wp-content\/uploads\/2025\/10\/13529e749122bfcf5e13fad2ff104c4ae34638a0-210x300.jpg 210w, https:\/\/bellitanner-bikes.com\/wp-content\/uploads\/2025\/10\/13529e749122bfcf5e13fad2ff104c4ae34638a0-717x1024.jpg 717w, https:\/\/bellitanner-bikes.com\/wp-content\/uploads\/2025\/10\/13529e749122bfcf5e13fad2ff104c4ae34638a0-768x1097.jpg 768w, https:\/\/bellitanner-bikes.com\/wp-content\/uploads\/2025\/10\/13529e749122bfcf5e13fad2ff104c4ae34638a0-1076x1536.jpg 1076w, https:\/\/bellitanner-bikes.com\/wp-content\/uploads\/2025\/10\/13529e749122bfcf5e13fad2ff104c4ae34638a0-600x857.jpg 600w\" sizes=\"(max-width: 1280px) 100vw, 1280px\" \/><\/figure>\n\n\n\n<h4 class=\"wp-block-heading\" style=\"margin-top:20px;font-size:20px\">Jonas Weber<\/h4>\n\n\n\n<p class=\"has-primary-color has-text-color has-small-font-size\" style=\"margin-top:4px\">Gesch\u00e4ftsf\u00fchrer<\/p>\n\n\n\n<p class=\"has-small-font-size\" style=\"margin-top:12px\">Er leitet das Unternehmen mit strategischem Weitblick und Engagement.<\/p>\n\n\n\n<ul class=\"wp-block-social-links has-small-icon-size has-icon-color is-style-logos-only is-layout-flex wp-block-social-links-is-layout-flex\" style=\"margin-top:24px\"><li style=\"color:#0B0620;\" class=\"wp-social-link wp-social-link-twitter has-foreground-color wp-block-social-link\"><a href=\"#\" class=\"wp-block-social-link-anchor\"><svg width=\"24\" height=\"24\" viewBox=\"0 0 24 24\" version=\"1.1\" xmlns=\"http:\/\/www.w3.org\/2000\/svg\" aria-hidden=\"true\" focusable=\"false\"><path d=\"M22.23,5.924c-0.736,0.326-1.527,0.547-2.357,0.646c0.847-0.508,1.498-1.312,1.804-2.27 c-0.793,0.47-1.671,0.812-2.606,0.996C18.324,4.498,17.257,4,16.077,4c-2.266,0-4.103,1.837-4.103,4.103 c0,0.322,0.036,0.635,0.106,0.935C8.67,8.867,5.647,7.234,3.623,4.751C3.27,5.357,3.067,6.062,3.067,6.814 c0,1.424,0.724,2.679,1.825,3.415c-0.673-0.021-1.305-0.206-1.859-0.513c0,0.017,0,0.034,0,0.052c0,1.988,1.414,3.647,3.292,4.023 c-0.344,0.094-0.707,0.144-1.081,0.144c-0.264,0-0.521-0.026-0.772-0.074c0.522,1.63,2.038,2.816,3.833,2.85 c-1.404,1.1-3.174,1.756-5.096,1.756c-0.331,0-0.658-0.019-0.979-0.057c1.816,1.164,3.973,1.843,6.29,1.843 c7.547,0,11.675-6.252,11.675-11.675c0-0.178-0.004-0.355-0.012-0.531C20.985,7.47,21.68,6.747,22.23,5.924z\"><\/path><\/svg><span class=\"wp-block-social-link-label screen-reader-text\">Twitter<\/span><\/a><\/li>\n\n<li style=\"color:#0B0620;\" class=\"wp-social-link wp-social-link-linkedin has-foreground-color wp-block-social-link\"><a href=\"#\" class=\"wp-block-social-link-anchor\"><svg width=\"24\" height=\"24\" viewBox=\"0 0 24 24\" version=\"1.1\" xmlns=\"http:\/\/www.w3.org\/2000\/svg\" aria-hidden=\"true\" focusable=\"false\"><path d=\"M19.7,3H4.3C3.582,3,3,3.582,3,4.3v15.4C3,20.418,3.582,21,4.3,21h15.4c0.718,0,1.3-0.582,1.3-1.3V4.3 C21,3.582,20.418,3,19.7,3z M8.339,18.338H5.667v-8.59h2.672V18.338z M7.004,8.574c-0.857,0-1.549-0.694-1.549-1.548 c0-0.855,0.691-1.548,1.549-1.548c0.854,0,1.547,0.694,1.547,1.548C8.551,7.881,7.858,8.574,7.004,8.574z M18.339,18.338h-2.669 v-4.177c0-0.996-0.017-2.278-1.387-2.278c-1.389,0-1.601,1.086-1.601,2.206v4.249h-2.667v-8.59h2.559v1.174h0.037 c0.356-0.675,1.227-1.387,2.526-1.387c2.703,0,3.203,1.779,3.203,4.092V18.338z\"><\/path><\/svg><span class=\"wp-block-social-link-label screen-reader-text\">LinkedIn<\/span><\/a><\/li><\/ul>\n<\/div>\n<\/div>\n<\/div>\n\n\n\n<div class=\"wp-block-group alignfull has-background-background-color has-background is-layout-constrained wp-container-core-group-is-layout-884d7b23 wp-block-group-is-layout-constrained\" id=\"referenzen\" style=\"border-top-width:1px;margin-top:0;margin-bottom:0;padding-top:0;padding-right:var(--wp--preset--spacing--30);padding-bottom:0;padding-left:var(--wp--preset--spacing--30)\">\n<div class=\"wp-block-group alignwide is-layout-flow wp-block-group-is-layout-flow\" style=\"padding-top:var(--wp--preset--spacing--60);padding-bottom:var(--wp--preset--spacing--60)\">\n<p class=\"has-text-align-center has-large-font-size\" style=\"font-style:normal;font-weight:500;line-height:1.3\">Unsere Kunden sch\u00e4tzen die langlebige Qualit\u00e4t und das angenehme Fahrgef\u00fchl unserer City-E-Bikes in Hamburg.<\/p>\n\n\n\n<div class=\"wp-block-group is-layout-constrained wp-container-core-group-is-layout-0e682eca wp-block-group-is-layout-constrained\">\n<figure class=\"wp-block-image aligncenter is-style-rounded\"><img loading=\"lazy\" decoding=\"async\" width=\"1280\" height=\"1920\" class=\"wp-image-1451\" src=\"https:\/\/bellitanner-bikes.com\/wp-content\/uploads\/2025\/10\/e8f1aa24e6c7c74ff406f56e62047c6128853718.jpg\" alt=\"\" style=\"aspect-ratio:1;object-fit:cover\" srcset=\"https:\/\/bellitanner-bikes.com\/wp-content\/uploads\/2025\/10\/e8f1aa24e6c7c74ff406f56e62047c6128853718.jpg 1280w, https:\/\/bellitanner-bikes.com\/wp-content\/uploads\/2025\/10\/e8f1aa24e6c7c74ff406f56e62047c6128853718-200x300.jpg 200w, https:\/\/bellitanner-bikes.com\/wp-content\/uploads\/2025\/10\/e8f1aa24e6c7c74ff406f56e62047c6128853718-683x1024.jpg 683w, https:\/\/bellitanner-bikes.com\/wp-content\/uploads\/2025\/10\/e8f1aa24e6c7c74ff406f56e62047c6128853718-768x1152.jpg 768w, https:\/\/bellitanner-bikes.com\/wp-content\/uploads\/2025\/10\/e8f1aa24e6c7c74ff406f56e62047c6128853718-1024x1536.jpg 1024w, https:\/\/bellitanner-bikes.com\/wp-content\/uploads\/2025\/10\/e8f1aa24e6c7c74ff406f56e62047c6128853718-600x900.jpg 600w\" sizes=\"(max-width: 1280px) 100vw, 1280px\" \/><\/figure>\n<\/div>\n\n\n\n<h4 class=\"wp-block-heading has-text-align-center\" style=\"margin-top:18px;font-size:18px\">Anna Weber<\/h4>\n\n\n\n<p class=\"has-text-align-center has-small-font-size\" style=\"margin-top:4px\">Zufriedene Kundin<\/p>\n<\/div>\n<\/div>\n","protected":false},"excerpt":{"rendered":"<p>Erleben Sie Hamburgs Stra\u00dfen mit Bellitanner Bellitanner Bikes steht f\u00fcr Qualit\u00e4t und Innovation. Als Hamburger Spezialist f\u00fcr City-E-Bikes verbinden wir Leistung mit Nachhaltigkeit f\u00fcr ein einzigartiges Fahrerlebnis. Elektrofahrr\u00e4der f\u00fcr die urbane Freiheit in Hamburg Unser engagiertes Team steht f\u00fcr Kompetenz und Leidenschaft rund ums E-Bike. Lena Fischer Verkaufsleiterin Sie verf\u00fcgt \u00fcber umfassende Erfahrung im Vertrieb [&hellip;]<\/p>\n","protected":false},"author":1,"featured_media":0,"parent":0,"menu_order":0,"comment_status":"closed","ping_status":"closed","template":"page-with-title","meta":{"_et_pb_use_builder":"","_et_pb_old_content":"","_et_gb_content_width":"","footnotes":""},"class_list":["post-26","page","type-page","status-publish","hentry"],"aioseo_notices":[],"_links":{"self":[{"href":"https:\/\/bellitanner-bikes.com\/de\/wp-json\/wp\/v2\/pages\/26","targetHints":{"allow":["GET"]}}],"collection":[{"href":"https:\/\/bellitanner-bikes.com\/de\/wp-json\/wp\/v2\/pages"}],"about":[{"href":"https:\/\/bellitanner-bikes.com\/de\/wp-json\/wp\/v2\/types\/page"}],"author":[{"embeddable":true,"href":"https:\/\/bellitanner-bikes.com\/de\/wp-json\/wp\/v2\/users\/1"}],"replies":[{"embeddable":true,"href":"https:\/\/bellitanner-bikes.com\/de\/wp-json\/wp\/v2\/comments?post=26"}],"version-history":[{"count":2,"href":"https:\/\/bellitanner-bikes.com\/de\/wp-json\/wp\/v2\/pages\/26\/revisions"}],"predecessor-version":[{"id":265,"href":"https:\/\/bellitanner-bikes.com\/de\/wp-json\/wp\/v2\/pages\/26\/revisions\/265"}],"wp:attachment":[{"href":"https:\/\/bellitanner-bikes.com\/de\/wp-json\/wp\/v2\/media?parent=26"}],"curies":[{"name":"wp","href":"https:\/\/api.w.org\/{rel}","templated":true}]}}