{"id":27,"date":"2025-07-22T19:43:22","date_gmt":"2025-07-22T19:43:22","guid":{"rendered":"https:\/\/bellitanner-bikes.com\/kontakt\/"},"modified":"2026-03-29T14:50:14","modified_gmt":"2026-03-29T14:50:14","slug":"kontakt","status":"publish","type":"page","link":"https:\/\/bellitanner-bikes.com\/de\/kontakt\/","title":{"rendered":"Kontakt"},"content":{"rendered":"\n<div class=\"wp-block-group alignfull has-tertiary-background-color has-background is-layout-constrained wp-container-core-group-is-layout-bf943722 wp-block-group-is-layout-constrained\" id=\"dienstleistungsgebiet\" style=\"border-top-color:var(--wp--preset--color--foreground);border-top-width:1px;margin-top:0;margin-bottom:0;padding-top:0;padding-right:0;padding-bottom:0;padding-left:0\">\n<div class=\"wp-block-columns alignwide are-vertically-aligned-center is-layout-flex wp-container-core-columns-is-layout-27d3582e wp-block-columns-is-layout-flex\">\n<div class=\"wp-block-column is-layout-flow wp-block-column-is-layout-flow\" style=\"padding-top:var(--wp--preset--spacing--50);padding-right:var(--wp--preset--spacing--30);padding-bottom:var(--wp--preset--spacing--50);padding-left:var(--wp--preset--spacing--30)\">\n<div class=\"wp-block-group alignfull is-content-justification-left is-layout-constrained wp-container-core-group-is-layout-a56b168a wp-block-group-is-layout-constrained\" style=\"padding-right:0;padding-left:0\">\n<h2 class=\"wp-block-heading\">Leichte Aluminium-E-Bikes f\u00fcr urbane Mobilit\u00e4t<\/h2>\n\n\n\n<p style=\"margin-top:16px\">Erfahren Sie mehr \u00fcber unsere umfassenden E-Bike-Serviceleistungen in Hamburg und Umgebung.<\/p>\n<\/div>\n<\/div>\n\n\n\n<div class=\"wp-block-column is-layout-flow wp-block-column-is-layout-flow\" style=\"padding-top:var(--wp--preset--spacing--50);padding-right:var(--wp--preset--spacing--30);padding-bottom:var(--wp--preset--spacing--50);padding-left:var(--wp--preset--spacing--30)\">\n<figure class=\"wp-block-image size-large ext-aspect-landscape\"><img loading=\"lazy\" decoding=\"async\" width=\"768\" height=\"1024\" src=\"https:\/\/bellitanner-bikes.com\/wp-content\/uploads\/2025\/07\/515726894_18142805794392287_3001051576943380775_n-3-768x1024.jpg\" alt=\"\" class=\"wp-image-239\" style=\"aspect-ratio:4\/3;object-fit:cover\" srcset=\"https:\/\/bellitanner-bikes.com\/wp-content\/uploads\/2025\/07\/515726894_18142805794392287_3001051576943380775_n-3-768x1024.jpg 768w, https:\/\/bellitanner-bikes.com\/wp-content\/uploads\/2025\/07\/515726894_18142805794392287_3001051576943380775_n-3-600x800.jpg 600w, https:\/\/bellitanner-bikes.com\/wp-content\/uploads\/2025\/07\/515726894_18142805794392287_3001051576943380775_n-3-225x300.jpg 225w, https:\/\/bellitanner-bikes.com\/wp-content\/uploads\/2025\/07\/515726894_18142805794392287_3001051576943380775_n-3-1152x1536.jpg 1152w, https:\/\/bellitanner-bikes.com\/wp-content\/uploads\/2025\/07\/515726894_18142805794392287_3001051576943380775_n-3.jpg 1200w\" sizes=\"(max-width: 768px) 100vw, 768px\" \/><\/figure>\n\n\n\n<h3 class=\"wp-block-heading\" style=\"margin-top:24px;font-size:20px;line-height:1.5\">Bellitanner Bikes Hamburg<\/h3>\n\n\n\n<p class=\"has-small-font-size\" style=\"margin-top:8px\">Besuchen Sie unser Ladengesch\u00e4ft im Herzen Hamburgs f\u00fcr pers\u00f6nliche Beratung und Probefahrten.<\/p>\n<\/div>\n\n\n\n<div class=\"wp-block-column is-layout-flow wp-block-column-is-layout-flow\" style=\"padding-top:var(--wp--preset--spacing--50);padding-right:var(--wp--preset--spacing--30);padding-bottom:var(--wp--preset--spacing--50);padding-left:var(--wp--preset--spacing--30)\">\n<figure class=\"wp-block-image size-large ext-aspect-landscape\"><img loading=\"lazy\" decoding=\"async\" width=\"1024\" height=\"768\" src=\"https:\/\/bellitanner-bikes.com\/wp-content\/uploads\/2025\/07\/mens-v-1-6-1024x768.jpg\" alt=\"\" class=\"wp-image-240\" style=\"aspect-ratio:4\/3;object-fit:cover\" srcset=\"https:\/\/bellitanner-bikes.com\/wp-content\/uploads\/2025\/07\/mens-v-1-6-1024x768.jpg 1024w, https:\/\/bellitanner-bikes.com\/wp-content\/uploads\/2025\/07\/mens-v-1-6-600x450.jpg 600w, https:\/\/bellitanner-bikes.com\/wp-content\/uploads\/2025\/07\/mens-v-1-6-300x225.jpg 300w, https:\/\/bellitanner-bikes.com\/wp-content\/uploads\/2025\/07\/mens-v-1-6-768x576.jpg 768w, https:\/\/bellitanner-bikes.com\/wp-content\/uploads\/2025\/07\/mens-v-1-6-1536x1152.jpg 1536w, https:\/\/bellitanner-bikes.com\/wp-content\/uploads\/2025\/07\/mens-v-1-6.jpg 2048w\" sizes=\"(max-width: 1024px) 100vw, 1024px\" \/><\/figure>\n\n\n\n<h3 class=\"wp-block-heading has-medium-font-size\" style=\"margin-top:24px\">Bellitanner Bikes Altona<\/h3>\n\n\n\n<p class=\"has-small-font-size\" style=\"margin-top:8px\">Unser Standort in Altona bietet fachkundige Reparaturen und individuellen E-Bike-Service.<\/p>\n<\/div>\n<\/div>\n<\/div>\n\n\n\n<div class=\"wp-block-group alignfull has-background-background-color has-background is-layout-constrained wp-container-core-group-is-layout-61cdc144 wp-block-group-is-layout-constrained\" id=\"kontakt\" style=\"border-top-width:1px;margin-top:0;margin-bottom:0;padding-top:var(--wp--preset--spacing--60);padding-right:0;padding-bottom:var(--wp--preset--spacing--60);padding-left:0\">\n<h2 class=\"wp-block-heading has-text-align-center\">PROBEFARHRT oder TERMIN Vereinbaren<\/h2>\n\n\n\n<p class=\"has-text-align-center\"><\/p>\n\n\n\n<div class=\"wp-block-contact-form-7-contact-form-selector\">\n<div class=\"wpcf7 no-js\" id=\"wpcf7-f277-o1\" lang=\"de-DE\" dir=\"ltr\" data-wpcf7-id=\"277\">\n<div class=\"screen-reader-response\"><p role=\"status\" aria-live=\"polite\" aria-atomic=\"true\"><\/p> <ul><\/ul><\/div>\n<form action=\"\/de\/wp-json\/wp\/v2\/pages\/27#wpcf7-f277-o1\" method=\"post\" class=\"wpcf7-form init\" aria-label=\"Kontaktformular\" novalidate=\"novalidate\" data-status=\"init\">\n<fieldset class=\"hidden-fields-container\"><input type=\"hidden\" name=\"_wpcf7\" value=\"277\" \/><input type=\"hidden\" name=\"_wpcf7_version\" value=\"6.1.5\" \/><input type=\"hidden\" name=\"_wpcf7_locale\" value=\"de_DE\" \/><input type=\"hidden\" name=\"_wpcf7_unit_tag\" value=\"wpcf7-f277-o1\" \/><input type=\"hidden\" name=\"_wpcf7_container_post\" value=\"0\" \/><input type=\"hidden\" name=\"_wpcf7_posted_data_hash\" value=\"\" \/>\n<\/fieldset>\n<p><label> Dein Name<br \/>\n<span class=\"wpcf7-form-control-wrap\" data-name=\"your-name\"><input size=\"40\" maxlength=\"400\" class=\"wpcf7-form-control wpcf7-text wpcf7-validates-as-required\" autocomplete=\"name\" aria-required=\"true\" aria-invalid=\"false\" value=\"\" type=\"text\" name=\"your-name\" \/><\/span> <\/label>\n<\/p>\n<p><label> Deine E-Mail-Adresse<br \/>\n<span class=\"wpcf7-form-control-wrap\" data-name=\"your-email\"><input size=\"40\" maxlength=\"400\" class=\"wpcf7-form-control wpcf7-email wpcf7-validates-as-required wpcf7-text wpcf7-validates-as-email\" autocomplete=\"email\" aria-required=\"true\" aria-invalid=\"false\" value=\"\" type=\"email\" name=\"your-email\" \/><\/span> <\/label>\n<\/p>\n<p><label> Betreff<br \/>\n<span class=\"wpcf7-form-control-wrap\" data-name=\"your-subject\"><input size=\"40\" maxlength=\"400\" class=\"wpcf7-form-control wpcf7-text wpcf7-validates-as-required\" aria-required=\"true\" aria-invalid=\"false\" value=\"\" type=\"text\" name=\"your-subject\" \/><\/span> <\/label>\n<\/p>\n<p><label> Deine Nachricht (optional)<br \/>\n<span class=\"wpcf7-form-control-wrap\" data-name=\"your-message\"><textarea cols=\"40\" rows=\"10\" maxlength=\"2000\" class=\"wpcf7-form-control wpcf7-textarea\" aria-invalid=\"false\" name=\"your-message\"><\/textarea><\/span> <\/label>\n<\/p>\n<p><input class=\"wpcf7-form-control wpcf7-submit has-spinner\" type=\"submit\" value=\"Senden\" \/>\n<\/p><div class=\"wpcf7-response-output\" aria-hidden=\"true\"><\/div>\n<\/form>\n<\/div>\n<\/div>\n\n\n\n<p><\/p>\n\n\n\n<p class=\"has-text-align-center\" style=\"margin-top:0;margin-bottom:0\"><\/p>\n\n\n\n<p class=\"has-text-align-center has-small-font-size\" style=\"margin-top:8px\">+49-174 6106928<\/p>\n\n\n\n<p class=\"has-text-align-center has-small-font-size\" style=\"margin-top:8px\">info@bellitanner-bikes.com<\/p>\n\n\n\n<p>M\u00fchlendamm 61 <\/p>\n\n\n\n<p>22087 Hamburg<\/p>\n<\/div>\n","protected":false},"excerpt":{"rendered":"<p>Leichte Aluminium-E-Bikes f\u00fcr urbane Mobilit\u00e4t Erfahren Sie mehr \u00fcber unsere umfassenden E-Bike-Serviceleistungen in Hamburg und Umgebung. Bellitanner Bikes Hamburg Besuchen Sie unser Ladengesch\u00e4ft im Herzen Hamburgs f\u00fcr pers\u00f6nliche Beratung und Probefahrten. Bellitanner Bikes Altona Unser Standort in Altona bietet fachkundige Reparaturen und individuellen E-Bike-Service. PROBEFARHRT oder TERMIN Vereinbaren +49-174 6106928 info@bellitanner-bikes.com M\u00fchlendamm 61 22087 Hamburg<\/p>\n","protected":false},"author":1,"featured_media":0,"parent":0,"menu_order":0,"comment_status":"closed","ping_status":"closed","template":"","meta":{"_et_pb_use_builder":"","_et_pb_old_content":"","_et_gb_content_width":"","footnotes":""},"class_list":["post-27","page","type-page","status-publish","hentry"],"aioseo_notices":[],"_links":{"self":[{"href":"https:\/\/bellitanner-bikes.com\/de\/wp-json\/wp\/v2\/pages\/27","targetHints":{"allow":["GET"]}}],"collection":[{"href":"https:\/\/bellitanner-bikes.com\/de\/wp-json\/wp\/v2\/pages"}],"about":[{"href":"https:\/\/bellitanner-bikes.com\/de\/wp-json\/wp\/v2\/types\/page"}],"author":[{"embeddable":true,"href":"https:\/\/bellitanner-bikes.com\/de\/wp-json\/wp\/v2\/users\/1"}],"replies":[{"embeddable":true,"href":"https:\/\/bellitanner-bikes.com\/de\/wp-json\/wp\/v2\/comments?post=27"}],"version-history":[{"count":7,"href":"https:\/\/bellitanner-bikes.com\/de\/wp-json\/wp\/v2\/pages\/27\/revisions"}],"predecessor-version":[{"id":2806,"href":"https:\/\/bellitanner-bikes.com\/de\/wp-json\/wp\/v2\/pages\/27\/revisions\/2806"}],"wp:attachment":[{"href":"https:\/\/bellitanner-bikes.com\/de\/wp-json\/wp\/v2\/media?parent=27"}],"curies":[{"name":"wp","href":"https:\/\/api.w.org\/{rel}","templated":true}]}}