{"id":302,"date":"2025-08-09T14:57:39","date_gmt":"2025-08-09T14:57:39","guid":{"rendered":"https:\/\/bellitanner-bikes.com\/?page_id=302"},"modified":"2025-12-26T11:25:57","modified_gmt":"2025-12-26T11:25:57","slug":"finanzierung-leasing","status":"publish","type":"page","link":"https:\/\/bellitanner-bikes.com\/de\/finanzierung-leasing\/","title":{"rendered":"Finanzierung &amp; Leasing"},"content":{"rendered":"\n<div class=\"wp-block-group alignfull has-background-background-color has-background is-layout-constrained wp-container-core-group-is-layout-512a02c9 wp-block-group-is-layout-constrained\" style=\"margin-top:0;margin-bottom:0;padding-top:var(--wp--preset--spacing--60);padding-right:var(--wp--preset--spacing--30);padding-bottom:var(--wp--preset--spacing--60);padding-left:var(--wp--preset--spacing--30)\">\n<div class=\"wp-block-columns alignwide are-vertically-aligned-center is-layout-flex wp-container-core-columns-is-layout-3da6863c wp-block-columns-is-layout-flex\">\n<div class=\"wp-block-column is-vertically-aligned-center is-layout-flow wp-block-column-is-layout-flow\">\n<figure class=\"wp-block-image size-large\"><img loading=\"lazy\" decoding=\"async\" width=\"768\" height=\"1024\" src=\"https:\/\/bellitanner-bikes.com\/wp-content\/uploads\/2025\/07\/515726894_18142805794392287_3001051576943380775_n-3-768x1024.jpg\" alt=\"\" class=\"wp-image-239\" style=\"aspect-ratio:1;object-fit:cover\" srcset=\"https:\/\/bellitanner-bikes.com\/wp-content\/uploads\/2025\/07\/515726894_18142805794392287_3001051576943380775_n-3-768x1024.jpg 768w, https:\/\/bellitanner-bikes.com\/wp-content\/uploads\/2025\/07\/515726894_18142805794392287_3001051576943380775_n-3-600x800.jpg 600w, https:\/\/bellitanner-bikes.com\/wp-content\/uploads\/2025\/07\/515726894_18142805794392287_3001051576943380775_n-3-225x300.jpg 225w, https:\/\/bellitanner-bikes.com\/wp-content\/uploads\/2025\/07\/515726894_18142805794392287_3001051576943380775_n-3-1152x1536.jpg 1152w, https:\/\/bellitanner-bikes.com\/wp-content\/uploads\/2025\/07\/515726894_18142805794392287_3001051576943380775_n-3.jpg 1200w\" sizes=\"(max-width: 768px) 100vw, 768px\" \/><\/figure>\n<\/div>\n\n\n\n<div class=\"wp-block-column is-vertically-aligned-center is-layout-flow wp-block-column-is-layout-flow\">\n<div class=\"wp-block-group alignwide is-content-justification-left is-layout-constrained wp-container-core-group-is-layout-f7a61ec2 wp-block-group-is-layout-constrained\" style=\"margin-bottom:var(--wp--preset--spacing--40)\">\n<h2 class=\"wp-block-heading has-large-font-size\">Entdecken Sie flexible Finanzierungs- und Leasingl\u00f6sungen.<\/h2>\n\n\n\n<p style=\"margin-top:16px\">Erfahren Sie, wie Bellitanner Bikes Ihnen mit ma\u00dfgeschneiderten Finanzierungspl\u00e4nen von 6 bis 60 Monaten und vielseitigen Bike-Leasing-Optionen hilft, Ihr Traum-E-Bike zu erschwinglichen Konditionen zu erhalten.<\/p>\n<\/div>\n\n\n\n<ul class=\"wp-block-list\">\n<li>Flexible Laufzeiten von 6 bis 60 Monaten.<\/li>\n\n\n\n<li>Leasingm\u00f6glichkeiten mit bis zu 35 % Ersparnis.<\/li>\n\n\n\n<li>Einfache Abwicklung \u00fcber Finance a Bike.<\/li>\n\n\n\n<li>Alle in Deutschland verf\u00fcgbaren Leasingmodelle im Angebot.<\/li>\n<\/ul>\n\n\n\n<div class=\"wp-block-buttons is-content-justification-left is-layout-flex wp-container-core-buttons-is-layout-98a460b5 wp-block-buttons-is-layout-flex\" style=\"margin-top:var(--wp--preset--spacing--40)\">\n<div class=\"wp-block-button has-custom-width wp-block-button__width-100\"><a class=\"wp-block-button__link wp-element-button\">Jetzt mehr erfahren<\/a><\/div>\n<\/div>\n<\/div>\n<\/div>\n<\/div>\n\n\n\n<div class=\"wp-block-group alignfull has-tertiary-background-color has-background is-layout-constrained wp-container-core-group-is-layout-cad32e20 wp-block-group-is-layout-constrained\" style=\"margin-top:0;margin-bottom:0;padding-top:var(--wp--preset--spacing--60);padding-right:var(--wp--preset--spacing--30);padding-bottom:var(--wp--preset--spacing--60);padding-left:var(--wp--preset--spacing--30)\">\n<div class=\"wp-block-group alignwide is-vertical is-layout-flex wp-container-core-group-is-layout-8cf370e7 wp-block-group-is-layout-flex\">\n<div class=\"wp-block-group alignwide is-content-justification-left is-layout-constrained wp-container-core-group-is-layout-eded1d97 wp-block-group-is-layout-constrained\">\n<h2 class=\"wp-block-heading has-text-align-left has-large-font-size\">Flexible Finanzierungs- und Leasingpl\u00e4ne<\/h2>\n\n\n\n<p class=\"has-text-align-left\" style=\"margin-top:16px\">Entdecken Sie unsere flexiblen Angebote mit attraktiven Konditionen, die auf Ihre Bed\u00fcrfnisse zugeschnitten sind.<\/p>\n<\/div>\n<\/div>\n\n\n\n<div class=\"wp-block-columns alignwide is-layout-flex wp-container-core-columns-is-layout-057de54d wp-block-columns-is-layout-flex\" style=\"margin-top:var(--wp--preset--spacing--50)\">\n<div class=\"wp-block-column has-background-background-color has-background is-layout-flow wp-block-column-is-layout-flow\">\n<div class=\"wp-block-group is-layout-constrained wp-container-core-group-is-layout-97875daf wp-block-group-is-layout-constrained\" style=\"padding-top:var(--wp--preset--spacing--30);padding-right:var(--wp--preset--spacing--30);padding-bottom:var(--wp--preset--spacing--30);padding-left:var(--wp--preset--spacing--30)\">\n<div class=\"wp-block-group is-content-justification-space-between is-nowrap is-layout-flex wp-container-core-group-is-layout-48b99cec wp-block-group-is-layout-flex\" style=\"border-bottom-color:var(--wp--preset--color--foreground);border-bottom-width:1px;padding-bottom:var(--wp--preset--spacing--30)\">\n<div class=\"wp-block-group is-layout-constrained wp-block-group-is-layout-constrained\">\n<figure class=\"wp-block-image size-large wp-duotone-varpresetduotoneprimary-foreground-1\"><img decoding=\"async\" src=\"data:image\/svg+xml;base64,PHN2ZyB4bWxucz0iaHR0cDovL3d3dy53My5vcmcvMjAwMC9zdmciIHdpZHRoPSI0OCIgaGVpZ2h0PSI0OCIgZmlsbD0ibm9uZSIgdmlld0JveD0iMCAwIDQ4IDQ4Ij48bWFzayBpZD0iYSIgd2lkdGg9IjQ4IiBoZWlnaHQ9IjQ4IiB4PSIwIiB5PSIwIiBtYXNrVW5pdHM9InVzZXJTcGFjZU9uVXNlIiBzdHlsZT0ibWFzay10eXBlOmFscGhhIj48cGF0aCBmaWxsPSIjRDlEOUQ5IiBkPSJNMCAwaDQ4djQ4SDB6Ii8+PC9tYXNrPjxnIG1hc2s9InVybCgjYSkiPjxwYXRoIGZpbGw9IiMxQzFCMUYiIGQ9Ik00IDI0YzAtMy4xNjcuNjc1LTYuMDgzIDIuMDI1LTguNzUgMS4zNS0yLjY2NyAzLjE0Mi00LjkxNyA1LjM3NS02Ljc1IDIuMjMzLTEuODMzIDQuNzkyLTMuMTQyIDcuNjc1LTMuOTI1IDIuODgzLS43ODMgNS44OTItLjg0MiA5LjAyNS0uMTc1LjQuMDY3LjcwOC4yODMuOTI1LjY1LjIxNy4zNjcuMjU4Ljc1LjEyNSAxLjE1LS4xMzMuNC0uMzgzLjctLjc1LjktLjM2Ny4yLS43NjcuMjY3LTEuMi4yLTIuNi0uNS01LjEtLjQyNS03LjUuMjI1YTE3LjAxIDE3LjAxIDAgMCAwLTYuNDUgMy4zMjUgMTcuNTc3IDE3LjU3NyAwIDAgMC00LjU1IDUuNzI1QzcuNTY3IDE4LjgyNSA3IDIxLjMgNyAyNGMwIDQuNyAxLjY1OCA4LjcwOCA0Ljk3NSAxMi4wMjVDMTUuMjkyIDM5LjM0MiAxOS4zIDQxIDI0IDQxYzIuNjY3IDAgNS4xMjUtLjU1OCA3LjM3NS0xLjY3NUExNy4yOTEgMTcuMjkxIDAgMCAwIDM3LjEgMzQuOGExNi44NyAxNi44NyAwIDAgMCAzLjQtNi42Yy42MzMtMi40MzMuNy00LjkuMi03LjQtLjA2Ny0uNDMzIDAtLjgzMy4yLTEuMnMuNS0uNjE3LjktLjc1Ljc4My0uMDkyIDEuMTUuMTI1Yy4zNjcuMjE3LjU4My41MjUuNjUuOTI1LjYzMyAzLjA2Ny41NjcgNi4wNDItLjIgOC45MjUtLjc2NyAyLjg4My0yLjA1IDUuNDU4LTMuODUgNy43MjUtMS45IDIuNC00LjIgNC4yNDItNi45IDUuNTI1QzI5Ljk1IDQzLjM1OCAyNy4wNjcgNDQgMjQgNDRjLTIuNzMzIDAtNS4zMTctLjUyNS03Ljc1LTEuNTc1LTIuNDMzLTEuMDUtNC41NTgtMi40ODMtNi4zNzUtNC4zLTEuODE3LTEuODE3LTMuMjUtMy45NDItNC4zLTYuMzc1QzQuNTI1IDI5LjMxNyA0IDI2LjczMyA0IDI0Wm0zMi02LjVjLTEuNSAwLTIuNzkyLS41NDItMy44NzUtMS42MjVDMzEuMDQyIDE0Ljc5MiAzMC41IDEzLjUgMzAuNSAxMmMwLTEuNTMzLjU0Mi0yLjgzMyAxLjYyNS0zLjlDMzMuMjA4IDcuMDMzIDM0LjUgNi41IDM2IDYuNWMxLjUzMyAwIDIuODMzLjUzMyAzLjkgMS42IDEuMDY3IDEuMDY3IDEuNiAyLjM2NyAxLjYgMy45IDAgMS41LS41MzMgMi43OTItMS42IDMuODc1LTEuMDY3IDEuMDgzLTIuMzY3IDEuNjI1LTMuOSAxLjYyNVoiLz48L2c+PC9zdmc+\" alt=\"\"\/><\/figure>\n\n\n\n<h3 class=\"wp-block-heading has-text-align-left\" style=\"margin-top:16px;font-size:1.75rem\">Finance a Bike Basisplan<\/h3>\n<\/div>\n\n\n\n<h3 class=\"wp-block-heading has-text-align-right wp-container-content-e0b89f81\" style=\"margin-top:12px;font-size:1.5rem;font-style:normal;font-weight:700\">24,90 \u20ac<\/h3>\n<\/div>\n\n\n\n<p class=\"has-small-font-size\" style=\"margin-top:var(--wp--preset--spacing--30)\">Finanzierung ab 6 Monaten Laufzeit, ideal f\u00fcr Einsteiger.<\/p>\n\n\n\n<div class=\"wp-block-buttons is-layout-flex wp-block-buttons-is-layout-flex\" style=\"margin-top:var(--wp--preset--spacing--40)\">\n<div class=\"wp-block-button has-custom-width wp-block-button__width-100\"><a class=\"wp-block-button__link wp-element-button\">Mehr erfahren<\/a><\/div>\n<\/div>\n<\/div>\n<\/div>\n\n\n\n<div class=\"wp-block-column has-background-background-color has-background is-layout-flow wp-block-column-is-layout-flow\">\n<div class=\"wp-block-group is-layout-constrained wp-container-core-group-is-layout-97875daf wp-block-group-is-layout-constrained\" style=\"padding-top:var(--wp--preset--spacing--30);padding-right:var(--wp--preset--spacing--30);padding-bottom:var(--wp--preset--spacing--30);padding-left:var(--wp--preset--spacing--30)\">\n<div class=\"wp-block-group is-content-justification-space-between is-nowrap is-layout-flex wp-container-core-group-is-layout-48b99cec wp-block-group-is-layout-flex\" style=\"border-bottom-color:var(--wp--preset--color--foreground);border-bottom-width:1px;padding-bottom:var(--wp--preset--spacing--30)\">\n<div class=\"wp-block-group is-layout-constrained wp-block-group-is-layout-constrained\">\n<figure class=\"wp-block-image size-large wp-duotone-varpresetduotoneprimary-foreground-2\"><img decoding=\"async\" src=\"data:image\/svg+xml;base64,PHN2ZyB4bWxucz0iaHR0cDovL3d3dy53My5vcmcvMjAwMC9zdmciIHdpZHRoPSI0OCIgaGVpZ2h0PSI0OCIgZmlsbD0ibm9uZSIgdmlld0JveD0iMCAwIDQ4IDQ4Ij48bWFzayBpZD0iYSIgd2lkdGg9IjQ4IiBoZWlnaHQ9IjQ4IiB4PSIwIiB5PSIwIiBtYXNrVW5pdHM9InVzZXJTcGFjZU9uVXNlIiBzdHlsZT0ibWFzay10eXBlOmFscGhhIj48cGF0aCBmaWxsPSIjRDlEOUQ5IiBkPSJNMCAwaDQ4djQ4SDB6Ii8+PC9tYXNrPjxnIG1hc2s9InVybCgjYSkiPjxwYXRoIGZpbGw9IiMxQzFCMUYiIGQ9Ik0xMC42IDM1Yy0zIDAtNS41MTctMS4wOTItNy41NS0zLjI3NUMxLjAxNyAyOS41NDIgMCAyNi45MzMgMCAyMy45YzAtMyAxLjAyNS01LjU2NyAzLjA3NS03LjdDNS4xMjUgMTQuMDY3IDcuNjMzIDEzIDEwLjYgMTNjMS4yIDAgMi4zNTguMiAzLjQ3NS42YTguMjc2IDguMjc2IDAgMCAxIDIuOTc1IDEuODVsNC42NSA0LjUtMi4xIDIuMS00LjQ1LTQuMzVhNS4zMzQgNS4zMzQgMCAwIDAtMi4wNzUtMS4zQTcuNjI2IDcuNjI2IDAgMCAwIDEwLjYgMTZjLTIuMTMzIDAtMy45MzMuNzc1LTUuNCAyLjMyNUMzLjczMyAxOS44NzUgMyAyMS43MzMgMyAyMy45YzAgMi4yLjcyNSA0LjEgMi4xNzUgNS43QzYuNjI1IDMxLjIgOC40MzMgMzIgMTAuNiAzMmMuODMzIDAgMS42NDItLjEzMyAyLjQyNS0uNGE2LjExNyA2LjExNyAwIDAgMCAyLjEyNS0xLjI1bDE1LjgtMTQuOWE4LjI3NiA4LjI3NiAwIDAgMSAyLjk3NS0xLjg1YzEuMTE3LS40IDIuMjU4LS42IDMuNDI1LS42IDMgMCA1LjUyNSAxLjA2NyA3LjU3NSAzLjJTNDggMjAuOSA0OCAyMy45YzAgMy4wMzMtMS4wMjUgNS42NDItMy4wNzUgNy44MjVDNDIuODc1IDMzLjkwOCA0MC4zNSAzNSAzNy4zNSAzNWMtMS4xNjcgMC0yLjMxNy0uMTkyLTMuNDUtLjU3NWE3LjUyMiA3LjUyMiAwIDAgMS0yLjk1LTEuODI1bC00LjU1LTQuNSAyLjEtMi4xIDQuMzUgNC4zNWE1LjE2IDUuMTYgMCAwIDAgMi4wNSAxLjI1Yy44LjI2NyAxLjYxNy40IDIuNDUuNCAyLjE2NyAwIDMuOTgzLS44IDUuNDUtMi40IDEuNDY3LTEuNiAyLjItMy41IDIuMi01LjcgMC0yLjE2Ny0uNzQyLTQuMDI1LTIuMjI1LTUuNTc1QzQxLjI5MiAxNi43NzUgMzkuNDgzIDE2IDM3LjM1IDE2Yy0uODMzIDAtMS42NDIuMTUtMi40MjUuNDVhNi4yNCA2LjI0IDAgMCAwLTIuMDc1IDEuM2wtMTUuOCAxNC45YTguMjg1IDguMjg1IDAgMCAxLTMgMS43NzVBMTAuNzAyIDEwLjcwMiAwIDAgMSAxMC42IDM1WiIvPjwvZz48L3N2Zz4=\" alt=\"\"\/><\/figure>\n\n\n\n<h3 class=\"wp-block-heading has-text-align-left\" style=\"margin-top:16px;font-size:1.75rem\">Bike-Leasing Komfortplan<\/h3>\n<\/div>\n\n\n\n<h3 class=\"wp-block-heading has-text-align-right wp-container-content-e0b89f81\" style=\"margin-top:12px;font-size:1.5rem;font-style:normal;font-weight:700\">74,90 \u20ac<\/h3>\n<\/div>\n\n\n\n<p class=\"has-small-font-size\" style=\"margin-top:var(--wp--preset--spacing--30)\">Profitieren Sie von bis zu 35 % Ersparnis beim Leasing Ihres Urban E-Bikes.<\/p>\n\n\n\n<div class=\"wp-block-buttons is-layout-flex wp-block-buttons-is-layout-flex\" style=\"margin-top:var(--wp--preset--spacing--40)\">\n<div class=\"wp-block-button has-custom-width wp-block-button__width-100\"><a class=\"wp-block-button__link wp-element-button\">Details ansehen<\/a><\/div>\n<\/div>\n<\/div>\n<\/div>\n<\/div>\n<\/div>\n\n\n\n<div class=\"wp-block-group alignfull has-background-background-color has-background is-layout-constrained wp-container-core-group-is-layout-392eb801 wp-block-group-is-layout-constrained\" style=\"margin-top:0;margin-bottom:0;padding-top:var(--wp--preset--spacing--60);padding-right:var(--wp--preset--spacing--30);padding-bottom:var(--wp--preset--spacing--60);padding-left:var(--wp--preset--spacing--30)\">\n<div class=\"wp-block-group alignwide is-content-justification-center is-layout-constrained wp-block-group-is-layout-constrained\">\n<h2 class=\"wp-block-heading has-text-align-center has-large-font-size\">So funktioniert&#8217;s<\/h2>\n\n\n\n<p class=\"has-text-align-center\" style=\"margin-top:16px\">Erfahren Sie, wie Sie mit unseren flexiblen Finanzierungs- und Leasingoptionen Ihr Traum-Bike schnell und unkompliziert sichern k\u00f6nnen.<\/p>\n<\/div>\n\n\n\n<div class=\"wp-block-columns alignwide is-layout-flex wp-container-core-columns-is-layout-480729ec wp-block-columns-is-layout-flex\">\n<div class=\"wp-block-column is-layout-flow wp-block-column-is-layout-flow\">\n<figure class=\"wp-block-image aligncenter size-large wp-duotone-varpresetduotonesecondary-and-primary-3\"><img decoding=\"async\" src=\"data:image\/svg+xml;base64,PHN2ZyB4bWxucz0iaHR0cDovL3d3dy53My5vcmcvMjAwMC9zdmciIGhlaWdodD0iNDhweCIgdmlld0JveD0iMCAtOTYwIDk2MCA5NjAiIHdpZHRoPSI0OHB4IiBmaWxsPSIjMjcyNzI3Ij48cGF0aCBkPSJNMTQwLTE2MHEtMjQgMC00Mi0xOHQtMTgtNDJ2LTE2OWg2MHYxNjloNjgwdi01MjBIMTQwdjE3MUg4MHYtMTcxcTAtMjQgMTgtNDJ0NDItMThoNjgwcTI0IDAgNDIgMTh0MTggNDJ2NTIwcTAgMjQtMTggNDJ0LTQyIDE4SDE0MFptMzE5LTE0My00My00MyAxMDMtMTAzSDgwdi02MGg0MzlMNDE2LTYxMmw0My00MyAxNzYgMTc2LTE3NiAxNzZaIi8+PC9zdmc+\" alt=\"\"\/><\/figure>\n\n\n\n<h3 class=\"wp-block-heading has-text-align-center\" style=\"margin-top:24px;font-size:20px;line-height:1.5\">Schritt 1: Auswahl treffen<\/h3>\n\n\n\n<p class=\"has-text-align-center has-small-font-size\" style=\"margin-top:8px\">W\u00e4hlen Sie Ihr Wunsch-Bike aus unserem Sortiment und entscheiden Sie sich f\u00fcr einen passenden Finanzierungs- oder Leasingplan, der zu Ihnen passt.<\/p>\n<\/div>\n\n\n\n<div class=\"wp-block-column is-layout-flow wp-block-column-is-layout-flow\">\n<figure class=\"wp-block-image aligncenter size-large wp-duotone-varpresetduotonesecondary-and-primary-4\"><img decoding=\"async\" src=\"data:image\/svg+xml;base64,PHN2ZyB4bWxucz0iaHR0cDovL3d3dy53My5vcmcvMjAwMC9zdmciIGhlaWdodD0iNDhweCIgdmlld0JveD0iMCAtOTYwIDk2MCA5NjAiIHdpZHRoPSI0OHB4IiBmaWxsPSIjMjcyNzI3Ij48cGF0aCBkPSJNMjMwLTEyMHEtNjMgMC0xMDYuNS00My41VDgwLTI3MHEwLTYzIDQzLjUtMTA2LjVUMjMwLTQyMHE2MyAwIDEwNi41IDQzLjVUMzgwLTI3MHEwIDYzLTQzLjUgMTA2LjVUMjMwLTEyMFptNTAxIDBxLTYzIDAtMTA2LjUtNDMuNVQ1ODEtMjcwcTAtNjMgNDMuNS0xMDYuNVQ3MzEtNDIwcTYzIDAgMTA2LjUgNDMuNVQ4ODEtMjcwcTAgNjMtNDMuNSAxMDYuNVQ3MzEtMTIwWm0tNTAxLjA5LTYwcTM3LjA5IDAgNjMuNTktMjYuNDF0MjYuNS02My41cTAtMzcuMDktMjYuNDEtNjMuNTl0LTYzLjUtMjYuNXEtMzcuMDkgMC02My41OSAyNi40MXQtMjYuNSA2My41cTAgMzcuMDkgMjYuNDEgNjMuNTl0NjMuNSAyNi41Wm01MDEgMHEzNy4wOSAwIDYzLjU5LTI2LjQxdDI2LjUtNjMuNXEwLTM3LjA5LTI2LjQxLTYzLjU5dC02My41LTI2LjVxLTM3LjA5IDAtNjMuNTkgMjYuNDF0LTI2LjUgNjMuNXEwIDM3LjA5IDI2LjQxIDYzLjU5dDYzLjUgMjYuNVpNNDgxLTU0MXEtNjMgMC0xMDYuNS00My41VDMzMS02OTFxMC02MyA0My41LTEwNi41VDQ4MS04NDFxNjMgMCAxMDYuNSA0My41VDYzMS02OTFxMCA2My00My41IDEwNi41VDQ4MS01NDFabS0uMDktNjBxMzcuMDkgMCA2My41OS0yNi40MXQyNi41LTYzLjVxMC0zNy4wOS0yNi40MS02My41OXQtNjMuNS0yNi41cS0zNy4wOSAwLTYzLjU5IDI2LjQxdC0yNi41IDYzLjVxMCAzNy4wOSAyNi40MSA2My41OXQ2My41IDI2LjVabS4wOS05MFptMjUwIDQyMVptLTUwMSAwWiIvPjwvc3ZnPg==\" alt=\"\"\/><\/figure>\n\n\n\n<h3 class=\"wp-block-heading has-text-align-center\" style=\"margin-top:24px;font-size:20px;line-height:1.5\">Schritt 2: Antrag stellen<\/h3>\n\n\n\n<p class=\"has-text-align-center has-small-font-size\" style=\"margin-top:8px\">F\u00fcllen Sie den einfachen Antrag aus und reichen Sie die erforderlichen Unterlagen ein, um Ihre Finanzierung oder Ihr Leasing zu starten.<\/p>\n<\/div>\n\n\n\n<div class=\"wp-block-column is-layout-flow wp-block-column-is-layout-flow\">\n<figure class=\"wp-block-image aligncenter size-large wp-duotone-varpresetduotonesecondary-and-primary-5\"><img decoding=\"async\" src=\"data:image\/svg+xml;base64,PHN2ZyB4bWxucz0iaHR0cDovL3d3dy53My5vcmcvMjAwMC9zdmciIGhlaWdodD0iNDhweCIgdmlld0JveD0iMCAtOTYwIDk2MCA5NjAiIHdpZHRoPSI0OHB4IiBmaWxsPSIjMjcyNzI3Ij48cGF0aCBkPSJNNDgwLTgwcS04NSAwLTE1OC0zMC41VDE5NS0xOTVxLTU0LTU0LTg0LjUtMTI3VDgwLTQ4MHEwLTg0IDMwLjUtMTU3VDE5NS03NjRxNTQtNTQgMTI3LTg1dDE1OC0zMXE3NSAwIDE0MCAyNHQxMTcgNjZsLTQzIDQzcS00NC0zNS05OC01NHQtMTE2LTE5cS0xNDUgMC0yNDIuNSA5Ny41VDE0MC00ODBxMCAxNDUgOTcuNSAyNDIuNVQ0ODAtMTQwcTE0NSAwIDI0Mi41LTk3LjVUODIwLTQ4MHEwLTMwLTQuNS01OC41VDgwMi01OTRsNDYtNDZxMTYgMzcgMjQgNzd0OCA4M3EwIDg1LTMxIDE1OHQtODUgMTI3cS01NCA1NC0xMjcgODQuNVQ0ODAtODBabS01OS0yMThMMjU2LTQ2NGw0NS00NSAxMjAgMTIwIDQxNC00MTQgNDYgNDUtNDYwIDQ2MFoiLz48L3N2Zz4=\" alt=\"\"\/><\/figure>\n\n\n\n<h3 class=\"wp-block-heading has-text-align-center\" style=\"margin-top:24px;font-size:20px;line-height:1.5\">Schritt 3: Bike genie\u00dfen<\/h3>\n\n\n\n<p class=\"has-text-align-center has-small-font-size\" style=\"margin-top:8px\">Nach Genehmigung erhalten Sie Ihr Urban E-Bike und profitieren von attraktiven Konditionen und Einsparungen durch das Leasing.<\/p>\n<\/div>\n<\/div>\n\n\n\n<div class=\"wp-block-buttons is-content-justification-center is-layout-flex wp-container-core-buttons-is-layout-16018d1d wp-block-buttons-is-layout-flex\">\n<div class=\"wp-block-button is-style-fill\"><a class=\"wp-block-button__link wp-element-button\" href=\"#\">Mehr erfahren<\/a><\/div>\n<\/div>\n<\/div>\n\n\n\n<div class=\"wp-block-group alignfull has-tertiary-background-color has-background is-layout-constrained wp-container-core-group-is-layout-392eb801 wp-block-group-is-layout-constrained\" style=\"margin-top:0;margin-bottom:0;padding-top:var(--wp--preset--spacing--60);padding-right:var(--wp--preset--spacing--30);padding-bottom:var(--wp--preset--spacing--60);padding-left:var(--wp--preset--spacing--30)\">\n<div class=\"wp-block-group alignwide is-content-justification-center is-layout-constrained wp-block-group-is-layout-constrained\" style=\"margin-bottom:var(--wp--preset--spacing--30)\">\n<h2 class=\"wp-block-heading has-text-align-center has-large-font-size\">H\u00e4ufig gestellte Fragen<\/h2>\n\n\n\n<p class=\"has-text-align-center\" style=\"margin-top:16px\">Finden Sie hier Antworten zu Finanzierung und Leasing, um Ihre Wahl bei Bellitanner Bikes zu erleichtern.<\/p>\n<\/div>\n\n\n\n<div class=\"wp-block-group is-layout-constrained wp-block-group-is-layout-constrained\" style=\"border-bottom-color:var(--wp--preset--color--tertiary);border-bottom-width:1px;margin-top:0;padding-top:var(--wp--preset--spacing--30);padding-bottom:var(--wp--preset--spacing--30)\">\n<h4 class=\"wp-block-heading has-medium-font-size\">Wie funktioniert die Finanzierung bei Bellitanner Bikes?<\/h4>\n\n\n\n<p class=\"has-small-font-size\" style=\"margin-top:12px\">Wir bieten flexible Laufzeiten von 6 bis 60 Monaten \u00fcber Finance a Bike an.<\/p>\n<\/div>\n\n\n\n<div class=\"wp-block-group is-layout-constrained wp-block-group-is-layout-constrained\" style=\"border-bottom-color:var(--wp--preset--color--tertiary);border-bottom-width:1px;margin-top:0;padding-top:var(--wp--preset--spacing--30);padding-bottom:var(--wp--preset--spacing--30)\">\n<h4 class=\"wp-block-heading has-medium-font-size\">Welche Vorteile bietet Bike-Leasing?<\/h4>\n\n\n\n<p class=\"has-small-font-size\" style=\"margin-top:12px\">Sie sparen bis zu 35 % beim Kauf Ihres Urban E-Bikes durch Leasing.<\/p>\n<\/div>\n\n\n\n<div class=\"wp-block-group is-layout-constrained wp-block-group-is-layout-constrained\" style=\"border-bottom-color:var(--wp--preset--color--tertiary);border-bottom-width:1px;margin-top:0;padding-top:var(--wp--preset--spacing--30);padding-bottom:var(--wp--preset--spacing--30)\">\n<h4 class=\"wp-block-heading has-medium-font-size\">Welche Leasingoptionen sind in Deutschland verf\u00fcgbar?<\/h4>\n\n\n\n<p class=\"has-small-font-size\" style=\"margin-top:12px\">Alle g\u00e4ngigen deutschen Bike-Leasing-Modelle sind bei uns nutzbar.<\/p>\n<\/div>\n\n\n\n<div class=\"wp-block-group is-layout-constrained wp-block-group-is-layout-constrained\" style=\"margin-top:0;padding-top:var(--wp--preset--spacing--30);padding-bottom:0\">\n<h4 class=\"wp-block-heading has-medium-font-size\">Wie beantrage ich eine Finanzierung oder Leasing?<\/h4>\n\n\n\n<p class=\"has-small-font-size\" style=\"margin-top:12px\">Kontaktieren Sie unser Team im Gesch\u00e4ft oder online f\u00fcr eine individuelle Beratung.<\/p>\n<\/div>\n<\/div>\n\n\n\n<div class=\"wp-block-group alignfull has-background-background-color has-background is-layout-constrained wp-container-core-group-is-layout-392eb801 wp-block-group-is-layout-constrained\" style=\"margin-top:0;margin-bottom:0;padding-top:var(--wp--preset--spacing--60);padding-right:var(--wp--preset--spacing--30);padding-bottom:var(--wp--preset--spacing--60);padding-left:var(--wp--preset--spacing--30)\">\n<div class=\"wp-block-group alignwide is-content-justification-space-between is-layout-flex wp-container-core-group-is-layout-e3bc7287 wp-block-group-is-layout-flex\">\n<div class=\"wp-block-group is-layout-constrained wp-block-group-is-layout-constrained\">\n<h2 class=\"wp-block-heading has-large-font-size\">Starten Sie noch heute Ihre Finanzierung bei Bellitanner Bikes<\/h2>\n\n\n\n<p style=\"margin-top:16px\">Profitieren Sie von flexiblen Finanzierungs- und Leasingangeboten f\u00fcr Ihr Urban E-Bike \u2013 melden Sie sich jetzt an und sichern Sie sich attraktive Konditionen.<\/p>\n<\/div>\n\n\n\n<div class=\"wp-block-buttons is-horizontal is-content-justification-right is-layout-flex wp-container-core-buttons-is-layout-89858871 wp-block-buttons-is-layout-flex\">\n<div class=\"wp-block-button\"><a class=\"wp-block-button__link wp-element-button\" href=\"#\">Jetzt entdecken<\/a><\/div>\n<\/div>\n<\/div>\n<\/div>\n","protected":false},"excerpt":{"rendered":"<p>Entdecken Sie flexible Finanzierungs- und Leasingl\u00f6sungen. Erfahren Sie, wie Bellitanner Bikes Ihnen mit ma\u00dfgeschneiderten Finanzierungspl\u00e4nen von 6 bis 60 Monaten und vielseitigen Bike-Leasing-Optionen hilft, Ihr Traum-E-Bike zu erschwinglichen Konditionen zu erhalten. Flexible Finanzierungs- und Leasingpl\u00e4ne Entdecken Sie unsere flexiblen Angebote mit attraktiven Konditionen, die auf Ihre Bed\u00fcrfnisse zugeschnitten sind. Finance a Bike Basisplan 24,90 \u20ac [&hellip;]<\/p>\n","protected":false},"author":1,"featured_media":0,"parent":0,"menu_order":0,"comment_status":"closed","ping_status":"closed","template":"","meta":{"_et_pb_use_builder":"","_et_pb_old_content":"","_et_gb_content_width":"","footnotes":""},"class_list":["post-302","page","type-page","status-publish","hentry"],"aioseo_notices":[],"_links":{"self":[{"href":"https:\/\/bellitanner-bikes.com\/de\/wp-json\/wp\/v2\/pages\/302","targetHints":{"allow":["GET"]}}],"collection":[{"href":"https:\/\/bellitanner-bikes.com\/de\/wp-json\/wp\/v2\/pages"}],"about":[{"href":"https:\/\/bellitanner-bikes.com\/de\/wp-json\/wp\/v2\/types\/page"}],"author":[{"embeddable":true,"href":"https:\/\/bellitanner-bikes.com\/de\/wp-json\/wp\/v2\/users\/1"}],"replies":[{"embeddable":true,"href":"https:\/\/bellitanner-bikes.com\/de\/wp-json\/wp\/v2\/comments?post=302"}],"version-history":[{"count":5,"href":"https:\/\/bellitanner-bikes.com\/de\/wp-json\/wp\/v2\/pages\/302\/revisions"}],"predecessor-version":[{"id":1513,"href":"https:\/\/bellitanner-bikes.com\/de\/wp-json\/wp\/v2\/pages\/302\/revisions\/1513"}],"wp:attachment":[{"href":"https:\/\/bellitanner-bikes.com\/de\/wp-json\/wp\/v2\/media?parent=302"}],"curies":[{"name":"wp","href":"https:\/\/api.w.org\/{rel}","templated":true}]}}