{"id":127,"date":"2025-07-23T17:32:29","date_gmt":"2025-07-23T17:32:29","guid":{"rendered":"https:\/\/bellitanner-bikes.com\/?post_type=product&#038;p=127"},"modified":"2026-01-18T17:35:15","modified_gmt":"2026-01-18T17:35:15","slug":"bellitanner-womens-v1-s-kopie","status":"publish","type":"product","link":"https:\/\/bellitanner-bikes.com\/de\/produkt\/bellitanner-womens-v1-s-kopie\/","title":{"rendered":"Bellitanner Herren V1 Singlespeed"},"content":{"rendered":"<h1 class=\"uk-heading-small uk-margin-small-bottom\">H710<\/h1>\n<div class=\"uk-flex uk-flex-row uk-child-width-1-1 uk-child-width-1-2@m uk-grid\">\n<div class=\"product-details-description uk-first-column\">\n<p>Der H710-Heckmotor ist in das automatische Dual-Speed-System integriert. Der Motor passt die Getriebe\u00fcbersetzung automatisch an, indem er die Geschwindigkeit des Fahrzeugs w\u00e4hrend des Radfahrens erkennt. Das H710 ist ideal f\u00fcr eTour-Bikes und eCity-Bikes, einer Nennleistung von 250W bis 500W und einem Drehmoment von 40Nm problemlos eine starke Leistung f\u00fcr Fahrer im t\u00e4glichen Pendelverkehr und in der Freizeit gew\u00e4hrleisten kann.<\/p>\n<div class=\"uk-flex uk-flex-row uk-flex-left uk-grid\">\n<div><\/div>\n<\/div>\n<div class=\"uk-width-1-1\">\n<p>Konzipiert f\u00fcr eTour-Bikes und eCity-Bikes<\/p>\n<\/div>\n<div class=\"uk-flex uk-flex-column uk-grid uk-grid-stack\">\n<div class=\"uk-flex uk-flex-row uk-flex-left info-bar-wrapper bar-orange uk-first-column\">\n<div class=\"info-bar\">\n<div class=\"uk-flex uk-flex-row info-bar-inner\">\n<p><span class=\"uk-text-uppercase info-bar-inner-text\">Rated Power <\/span>350<span class=\"info-bar-unit\">w <\/span>Max.<\/p>\n<p>Possible torque 60<span class=\"info-bar-unit\">Nm <\/span><\/p>\n<p>Weight 4.1<span class=\"info-bar-unit\">kg<\/span><\/p>\n<\/div>\n<\/div>\n<\/div>\n<div class=\"uk-grid-margin uk-first-column\">\n<p>Mit einem maximalen Drehmoment von 55Nm oder 60Nm und 250W oder 350W Nennleistung<\/p>\n<p>&nbsp;<\/p>\n<\/div>\n<\/div>\n<\/div>\n<\/div>\n","protected":false},"excerpt":{"rendered":"<p>Aluminium E Bike rahmen<\/p>\n<p>36VH Akku<\/p>\n<p>Bis zu 100 KM Reichweite<\/p>\n<p>5 Gang Hinterrad Nabe von Bafang<\/p>\n","protected":false},"featured_media":143,"comment_status":"open","ping_status":"closed","template":"","meta":{"_et_pb_use_builder":"","_et_pb_old_content":"","_et_gb_content_width":""},"product_brand":[],"product_cat":[24],"product_tag":[49,48],"class_list":{"0":"post-127","1":"product","2":"type-product","3":"status-publish","4":"has-post-thumbnail","6":"product_cat-e-bikes","7":"product_tag-bellitanner-e","8":"product_tag-e-bike","10":"first","11":"instock","12":"sale","13":"taxable","14":"shipping-taxable","15":"purchasable","16":"product-type-simple"},"aioseo_notices":[],"_links":{"self":[{"href":"https:\/\/bellitanner-bikes.com\/de\/wp-json\/wp\/v2\/product\/127","targetHints":{"allow":["GET"]}}],"collection":[{"href":"https:\/\/bellitanner-bikes.com\/de\/wp-json\/wp\/v2\/product"}],"about":[{"href":"https:\/\/bellitanner-bikes.com\/de\/wp-json\/wp\/v2\/types\/product"}],"replies":[{"embeddable":true,"href":"https:\/\/bellitanner-bikes.com\/de\/wp-json\/wp\/v2\/comments?post=127"}],"wp:featuredmedia":[{"embeddable":true,"href":"https:\/\/bellitanner-bikes.com\/de\/wp-json\/wp\/v2\/media\/143"}],"wp:attachment":[{"href":"https:\/\/bellitanner-bikes.com\/de\/wp-json\/wp\/v2\/media?parent=127"}],"wp:term":[{"taxonomy":"product_brand","embeddable":true,"href":"https:\/\/bellitanner-bikes.com\/de\/wp-json\/wp\/v2\/product_brand?post=127"},{"taxonomy":"product_cat","embeddable":true,"href":"https:\/\/bellitanner-bikes.com\/de\/wp-json\/wp\/v2\/product_cat?post=127"},{"taxonomy":"product_tag","embeddable":true,"href":"https:\/\/bellitanner-bikes.com\/de\/wp-json\/wp\/v2\/product_tag?post=127"}],"curies":[{"name":"wp","href":"https:\/\/api.w.org\/{rel}","templated":true}]}}