{"id":756,"date":"2025-09-12T16:28:49","date_gmt":"2025-09-12T16:28:49","guid":{"rendered":"https:\/\/bellitanner-bikes.com\/?post_type=product&#038;p=756"},"modified":"2026-04-13T14:37:19","modified_gmt":"2026-04-13T14:37:19","slug":"bellitanner-mens-v1-e-bike-ocean-blue","status":"publish","type":"product","link":"https:\/\/bellitanner-bikes.com\/de\/produkt\/bellitanner-mens-v1-e-bike-ocean-blue\/","title":{"rendered":"Bellitanner Herren V1 E Bike \u2013  Ocean Blue"},"content":{"rendered":"<div class=\"uk-width-1-6 product-side-menu\">E-MTBs k\u00f6nnen sich auf den leistungsstarken und effizienten M410-Mittelmotor verlassen. Mit 250W zuverl\u00e4ssiger Nennleistung und 90Nm Drehmoment bietet es starke Unterst\u00fctzung, wo sie ben\u00f6tigt wird. Kompatibel, mit vollintegriertem oder halbintegriertem Akkusystem.<\/div>\n<div class=\"uk-width-1-1 uk-width-5-6@m\">\n<div class=\"uk-flex uk-flex-row uk-child-width-1-1 uk-child-width-1-2@m uk-grid\">\n<div class=\"product-details-description uk-first-column\">\n<div class=\"uk-flex uk-flex-row uk-flex-left uk-grid uk-grid-stack\">\n<div class=\"uk-first-column\">\n<div class=\"application-product-icon\"><\/div>\n<\/div>\n<\/div>\n<div class=\"uk-width-1-1\">\n<p>Konzipiert f\u00fcr eTour-Bikes<\/p>\n<\/div>\n<div class=\"uk-flex uk-flex-column uk-grid uk-grid-stack\">\n<div class=\"uk-flex uk-flex-row uk-flex-left info-bar-wrapper bar-orange uk-first-column\">\n<div class=\"info-bar\">\n<div class=\"uk-flex uk-flex-row info-bar-inner\">\n<p><span class=\"uk-text-uppercase info-bar-inner-text\">Rated Power <\/span>250<span class=\"info-bar-unit\">w <\/span>Max.<\/p>\n<p>Possible torque 90<span class=\"info-bar-unit\">Nm <\/span>Weight<\/p>\n<\/div>\n<\/div>\n<\/div>\n<div class=\"uk-grid-margin uk-first-column\">\n<p>Mit einem maximalen Drehmoment von 90Nm und 250W Nennleistung<\/p>\n<p>&nbsp;<\/p>\n<\/div>\n<\/div>\n<\/div>\n<\/div>\n<\/div>\n","protected":false},"excerpt":{"rendered":"<p>Bellitanner Herren V1 E bike<\/p>\n<p>90NM \u2013 250 Watts<\/p>\n<p>Engineered in Germany<\/p>\n<p>Light Alloy frame<\/p>\n<p>Intergtrated LED lights<\/p>\n<p>Alloy Fenders and Carrier<\/p>\n<p>2 Years Warantee and frame and parts<\/p>\n<p>48 Hrs replacement service of spare parts<\/p>\n<p>1 year full theft and battery insurance.<\/p>\n","protected":false},"featured_media":768,"comment_status":"open","ping_status":"closed","template":"","meta":{"_et_pb_use_builder":"","_et_pb_old_content":"","_et_gb_content_width":""},"product_brand":[],"product_cat":[24],"product_tag":[82,51],"class_list":{"0":"post-756","1":"product","2":"type-product","3":"status-publish","4":"has-post-thumbnail","6":"product_cat-e-bikes","7":"product_tag-bellitanner-e-bike","8":"product_tag-ebike","10":"first","11":"instock","12":"sale","13":"taxable","14":"shipping-taxable","15":"purchasable","16":"product-type-variable"},"aioseo_notices":[],"_links":{"self":[{"href":"https:\/\/bellitanner-bikes.com\/de\/wp-json\/wp\/v2\/product\/756","targetHints":{"allow":["GET"]}}],"collection":[{"href":"https:\/\/bellitanner-bikes.com\/de\/wp-json\/wp\/v2\/product"}],"about":[{"href":"https:\/\/bellitanner-bikes.com\/de\/wp-json\/wp\/v2\/types\/product"}],"replies":[{"embeddable":true,"href":"https:\/\/bellitanner-bikes.com\/de\/wp-json\/wp\/v2\/comments?post=756"}],"wp:featuredmedia":[{"embeddable":true,"href":"https:\/\/bellitanner-bikes.com\/de\/wp-json\/wp\/v2\/media\/768"}],"wp:attachment":[{"href":"https:\/\/bellitanner-bikes.com\/de\/wp-json\/wp\/v2\/media?parent=756"}],"wp:term":[{"taxonomy":"product_brand","embeddable":true,"href":"https:\/\/bellitanner-bikes.com\/de\/wp-json\/wp\/v2\/product_brand?post=756"},{"taxonomy":"product_cat","embeddable":true,"href":"https:\/\/bellitanner-bikes.com\/de\/wp-json\/wp\/v2\/product_cat?post=756"},{"taxonomy":"product_tag","embeddable":true,"href":"https:\/\/bellitanner-bikes.com\/de\/wp-json\/wp\/v2\/product_tag?post=756"}],"curies":[{"name":"wp","href":"https:\/\/api.w.org\/{rel}","templated":true}]}}